{"id":184,"date":"2013-09-10T15:54:21","date_gmt":"2013-09-10T13:54:21","guid":{"rendered":"http:\/\/www.obtu.de\/?page_id=184"},"modified":"2013-12-29T19:55:08","modified_gmt":"2013-12-29T17:55:08","slug":"hizmetler","status":"publish","type":"page","link":"https:\/\/www.obtu.de\/tr\/hizmetler\/","title":{"rendered":"Hizmetler"},"content":{"rendered":"<h2>Hidrolik sistemlerinde m\u00fckemmel performans<\/h2>\n<p><strong>obtu fluid systems gmbh<\/strong> firmas\u0131 k\u00fc\u00e7\u00fck boyutlu hidrolik sistemleri ve komponentleri geli\u015ftirir, \u00fcretir ve sat\u0131\u015f\u0131n\u0131 yapar. Geli\u015ftirme \u00e7al\u0131\u015fmalar\u0131m\u0131zda hedefimiz bir tarafta teknik performans kriterlerini yerine getirmek ve di\u011fer tarafta m\u00fc\u015fterilerimizin projeyi mali a\u00e7\u0131dan ger\u00e7ekle\u015ftirebilir olmas\u0131n\u0131 sa\u011flamakt\u0131r.<\/p>\n<p>K\u00fc\u00e7\u00fck aktorik ve sistem teknolojileri, di\u011fer teknik sistemlerin yer darl\u0131\u011f\u0131 nedeniyle performans s\u0131n\u0131r\u0131na dayand\u0131\u011f\u0131 durumlarda tercih edilir.<\/p>\n<h2>Sundu\u011fumuz hizmetler<\/h2>\n<div id=\"showspektrum\">\n<ul class=\"slides\">\n<li>\n<h3>Proje tanimi<\/h3>\n<ul>\n<li>\u00c7\u00f6z\u00fcm taslaklar\u0131<\/li>\n<li>Konseptler<\/li>\n<li>\u00d6n taslaklar<\/li>\n<li>\u015eartname haz\u0131rlama<\/li>\n<li>Piyasa ve rekabet ara\u015ft\u0131rmas\u0131<\/li>\n<li>Sistem k\u0131yaslamas\u0131<\/li>\n<\/ul>\n<\/li>\n<li>\n<h3>Taslak<\/h3>\n<ul>\n<li>Se\u00e7ilen konsept tasla\u011f\u0131n\u0131n uygulanmas\u0131<\/li>\n<li>Detay konstr\u00fcksiyonu ve hesaplama<\/li>\n<li>\u0130malat \u00e7izimleri<\/li>\n<li>FMEA&#8217;n\u0131n olu\u015fturulmas\u0131 ve moderasyonu <\/li>\n<\/ul>\n<\/li>\n<li>\n<h3>Uygulama<\/h3>\n<ul>\n<li>Numune imalat\u0131 i\u00e7in par\u00e7a temini<\/li>\n<li>Standartlara uygunluk testi<\/li>\n<li>Optimizasyon taslaklar\u0131n\u0131n olu\u015fturulmas\u0131<\/li>\n<li>Fonksiyon optimizasyonu<\/li>\n<li>Design to Cost<\/li>\n<li>FMEA \/ Risk analizi<\/li>\n<\/ul>\n<\/li>\n<li>\n<h3>Seri \u00fcretim \u00fcr\u00fcn\u00fc<\/h3>\n<ul>\n<li>Tedarik\u00e7i se\u00e7imi kalite de\u011ferlendirme deste\u011fi<\/li>\n<li>Montaj ve test tertibatlar\u0131n\u0131n haz\u0131rlanmas\u0131<\/li>\n<li>Seri imalat deste\u011fi<\/li>\n<\/ul>\n<\/li>\n<li>\n<h3>Satin alma y\u00f6netimi<\/h3>\n<ul>\n<li>Yeni tedarik kaynaklar\u0131n\u0131n kullan\u0131lmas\u0131 sayesinde kullan\u0131labilirlik ve kalitenin muhafaza edilmesi ile birlikte malzeme maliyetinin azalt\u0131lmas\u0131<\/li>\n<li>Tedarik\u00e7i y\u00f6netimi<\/li>\n<li>Se\u00e7imden inceleme ve kontrol ziyaretine kadar<\/li>\n<\/ul>\n<\/li>\n<\/ul>\n<\/div>\n<h2>\u00dcr\u00fcnler<\/h2>\n<p>Bu kriterlere g\u00f6re imal edilen \u00fcr\u00fcnler \u015fartnamenin t\u00fcm ko\u015fullar\u0131n\u0131 yerine getirir, b\u00f6ylece m\u00fc\u015fteri yeni fonksiyonlar i\u00e7in katalogtan ilgili komponentler kullan\u0131laca\u011f\u0131nda hi\u00e7bir \u015fekilde taviz vermez.<\/p>\n<p>Buna \u00f6rnek olarak hidrolik fonksiyon taleplerinin yan\u0131nda enine travers olarak statik fonksiyonlar\u0131 da \u00fcstlenecek hidrolik \u00fcnitesi g\u00f6sterilebilir.<\/p>\n","protected":false},"excerpt":{"rendered":"<p>Hidrolik sistemlerinde m\u00fckemmel performans obtu fluid systems gmbh firmas\u0131 k\u00fc\u00e7\u00fck boyutlu hidrolik sistemleri ve komponentleri geli\u015ftirir, \u00fcretir ve sat\u0131\u015f\u0131n\u0131 yapar. Geli\u015ftirme \u00e7al\u0131\u015fmalar\u0131m\u0131zda hedefimiz bir tarafta teknik performans kriterlerini yerine getirmek ve di\u011fer tarafta m\u00fc\u015fterilerimizin projeyi mali a\u00e7\u0131dan ger\u00e7ekle\u015ftirebilir olmas\u0131n\u0131 sa\u011flamakt\u0131r. K\u00fc\u00e7\u00fck aktorik ve sistem teknolojileri, di\u011fer teknik sistemlerin yer darl\u0131\u011f\u0131 nedeniyle performans s\u0131n\u0131r\u0131na dayand\u0131\u011f\u0131 durumlarda&#8230;  <a class=\"excerpt-read-more\" href=\"https:\/\/www.obtu.de\/tr\/hizmetler\/\" title=\"ReadHizmetler\">Read more &raquo;<\/a><\/p>\n","protected":false},"author":1,"featured_media":0,"parent":0,"menu_order":0,"comment_status":"closed","ping_status":"closed","template":"","meta":{"footnotes":""},"class_list":["post-184","page","type-page","status-publish","hentry"],"yoast_head":"<!-- This site is optimized with the Yoast SEO plugin v27.4 - https:\/\/yoast.com\/product\/yoast-seo-wordpress\/ -->\n<title>Hizmetler - obtu fluid systems gmbh<\/title>\n<meta name=\"robots\" content=\"index, follow, max-snippet:-1, max-image-preview:large, max-video-preview:-1\" \/>\n<link rel=\"canonical\" href=\"https:\/\/www.obtu.de\/tr\/hizmetler\/\" \/>\n<meta property=\"og:locale\" content=\"tr_TR\" \/>\n<meta property=\"og:type\" content=\"article\" \/>\n<meta property=\"og:title\" content=\"Hizmetler - obtu fluid systems gmbh\" \/>\n<meta property=\"og:description\" content=\"Hidrolik sistemlerinde m\u00fckemmel performans obtu fluid systems gmbh firmas\u0131 k\u00fc\u00e7\u00fck boyutlu hidrolik sistemleri ve komponentleri geli\u015ftirir, \u00fcretir ve sat\u0131\u015f\u0131n\u0131 yapar. Geli\u015ftirme \u00e7al\u0131\u015fmalar\u0131m\u0131zda hedefimiz bir tarafta teknik performans kriterlerini yerine getirmek ve di\u011fer tarafta m\u00fc\u015fterilerimizin projeyi mali a\u00e7\u0131dan ger\u00e7ekle\u015ftirebilir olmas\u0131n\u0131 sa\u011flamakt\u0131r. K\u00fc\u00e7\u00fck aktorik ve sistem teknolojileri, di\u011fer teknik sistemlerin yer darl\u0131\u011f\u0131 nedeniyle performans s\u0131n\u0131r\u0131na dayand\u0131\u011f\u0131 durumlarda... Read more &raquo;\" \/>\n<meta property=\"og:url\" content=\"https:\/\/www.obtu.de\/tr\/hizmetler\/\" \/>\n<meta property=\"og:site_name\" content=\"obtu fluid systems gmbh\" \/>\n<meta property=\"article:modified_time\" content=\"2013-12-29T17:55:08+00:00\" \/>\n<meta name=\"twitter:label1\" content=\"Tahmini okuma s\u00fcresi\" \/>\n\t<meta name=\"twitter:data1\" content=\"1 dakika\" \/>\n<script type=\"application\/ld+json\" class=\"yoast-schema-graph\">{\"@context\":\"https:\\\/\\\/schema.org\",\"@graph\":[{\"@type\":\"WebPage\",\"@id\":\"https:\\\/\\\/www.obtu.de\\\/tr\\\/hizmetler\\\/\",\"url\":\"https:\\\/\\\/www.obtu.de\\\/tr\\\/hizmetler\\\/\",\"name\":\"Hizmetler - obtu fluid systems gmbh\",\"isPartOf\":{\"@id\":\"https:\\\/\\\/www.obtu.de\\\/#website\"},\"datePublished\":\"2013-09-10T13:54:21+00:00\",\"dateModified\":\"2013-12-29T17:55:08+00:00\",\"inLanguage\":\"tr\",\"potentialAction\":[{\"@type\":\"ReadAction\",\"target\":[\"https:\\\/\\\/www.obtu.de\\\/tr\\\/hizmetler\\\/\"]}]},{\"@type\":\"WebSite\",\"@id\":\"https:\\\/\\\/www.obtu.de\\\/#website\",\"url\":\"https:\\\/\\\/www.obtu.de\\\/\",\"name\":\"obtu fluid systems gmbh\",\"description\":\"feine Hydraulik nach Ma\u00df\",\"potentialAction\":[{\"@type\":\"SearchAction\",\"target\":{\"@type\":\"EntryPoint\",\"urlTemplate\":\"https:\\\/\\\/www.obtu.de\\\/?s={search_term_string}\"},\"query-input\":{\"@type\":\"PropertyValueSpecification\",\"valueRequired\":true,\"valueName\":\"search_term_string\"}}],\"inLanguage\":\"tr\"}]}<\/script>\n<!-- \/ Yoast SEO plugin. -->","yoast_head_json":{"title":"Hizmetler - obtu fluid systems gmbh","robots":{"index":"index","follow":"follow","max-snippet":"max-snippet:-1","max-image-preview":"max-image-preview:large","max-video-preview":"max-video-preview:-1"},"canonical":"https:\/\/www.obtu.de\/tr\/hizmetler\/","og_locale":"tr_TR","og_type":"article","og_title":"Hizmetler - obtu fluid systems gmbh","og_description":"Hidrolik sistemlerinde m\u00fckemmel performans obtu fluid systems gmbh firmas\u0131 k\u00fc\u00e7\u00fck boyutlu hidrolik sistemleri ve komponentleri geli\u015ftirir, \u00fcretir ve sat\u0131\u015f\u0131n\u0131 yapar. Geli\u015ftirme \u00e7al\u0131\u015fmalar\u0131m\u0131zda hedefimiz bir tarafta teknik performans kriterlerini yerine getirmek ve di\u011fer tarafta m\u00fc\u015fterilerimizin projeyi mali a\u00e7\u0131dan ger\u00e7ekle\u015ftirebilir olmas\u0131n\u0131 sa\u011flamakt\u0131r. K\u00fc\u00e7\u00fck aktorik ve sistem teknolojileri, di\u011fer teknik sistemlerin yer darl\u0131\u011f\u0131 nedeniyle performans s\u0131n\u0131r\u0131na dayand\u0131\u011f\u0131 durumlarda... Read more &raquo;","og_url":"https:\/\/www.obtu.de\/tr\/hizmetler\/","og_site_name":"obtu fluid systems gmbh","article_modified_time":"2013-12-29T17:55:08+00:00","twitter_misc":{"Tahmini okuma s\u00fcresi":"1 dakika"},"schema":{"@context":"https:\/\/schema.org","@graph":[{"@type":"WebPage","@id":"https:\/\/www.obtu.de\/tr\/hizmetler\/","url":"https:\/\/www.obtu.de\/tr\/hizmetler\/","name":"Hizmetler - obtu fluid systems gmbh","isPartOf":{"@id":"https:\/\/www.obtu.de\/#website"},"datePublished":"2013-09-10T13:54:21+00:00","dateModified":"2013-12-29T17:55:08+00:00","inLanguage":"tr","potentialAction":[{"@type":"ReadAction","target":["https:\/\/www.obtu.de\/tr\/hizmetler\/"]}]},{"@type":"WebSite","@id":"https:\/\/www.obtu.de\/#website","url":"https:\/\/www.obtu.de\/","name":"obtu fluid systems gmbh","description":"feine Hydraulik nach Ma\u00df","potentialAction":[{"@type":"SearchAction","target":{"@type":"EntryPoint","urlTemplate":"https:\/\/www.obtu.de\/?s={search_term_string}"},"query-input":{"@type":"PropertyValueSpecification","valueRequired":true,"valueName":"search_term_string"}}],"inLanguage":"tr"}]}},"_links":{"self":[{"href":"https:\/\/www.obtu.de\/tr\/wp-json\/wp\/v2\/pages\/184","targetHints":{"allow":["GET"]}}],"collection":[{"href":"https:\/\/www.obtu.de\/tr\/wp-json\/wp\/v2\/pages"}],"about":[{"href":"https:\/\/www.obtu.de\/tr\/wp-json\/wp\/v2\/types\/page"}],"author":[{"embeddable":true,"href":"https:\/\/www.obtu.de\/tr\/wp-json\/wp\/v2\/users\/1"}],"replies":[{"embeddable":true,"href":"https:\/\/www.obtu.de\/tr\/wp-json\/wp\/v2\/comments?post=184"}],"version-history":[{"count":3,"href":"https:\/\/www.obtu.de\/tr\/wp-json\/wp\/v2\/pages\/184\/revisions"}],"predecessor-version":[{"id":339,"href":"https:\/\/www.obtu.de\/tr\/wp-json\/wp\/v2\/pages\/184\/revisions\/339"}],"wp:attachment":[{"href":"https:\/\/www.obtu.de\/tr\/wp-json\/wp\/v2\/media?parent=184"}],"curies":[{"name":"wp","href":"https:\/\/api.w.org\/{rel}","templated":true}]}}