{"id":204,"date":"2013-12-09T13:51:00","date_gmt":"2013-12-09T11:51:00","guid":{"rendered":"http:\/\/www.obtu.de\/?page_id=204"},"modified":"2013-12-09T13:51:00","modified_gmt":"2013-12-09T11:51:00","slug":"ana-sayfa","status":"publish","type":"page","link":"https:\/\/www.obtu.de\/tr\/","title":{"rendered":"Ana Sayfa"},"content":{"rendered":"<div class=\"start\" id=\"teaser\">\n<div id=\"teaser-panels\">\n<div class=\"teaser-panel act\" id=\"teaser-panel-1\">\n<div id=\"teaser-img\" style=\"margin-top: 20px;\"><img decoding=\"async\" alt=\"\" src=\"\/wp-content\/uploads\/2013\/09\/big_hydr.png\" \/><\/div>\n<div id=\"teaser-text\" style=\"margin-top: 20px;\">\n<h1>obtu fluid systems <span class=\"claimbig\">m\u00fc\u015fteriye \u00f6zel hidrolik sistemleri sunar!<\/span><\/h1>\n<p>Hareket ettirmek istedi\u011finiz sistemler var fakat yeriniz dar ve y\u00fck\u00fcn\u00fcz a\u011f\u0131r m\u0131 ?<\/p>\n<p>O zaman tam do\u011fru adrestesiniz, muhtemelen size uygun \u00e7\u00f6z\u00fcmlerimiz olacakt\u0131r !<\/p>\n<\/div>\n<\/div>\n<\/div>\n<\/div>\n","protected":false},"excerpt":{"rendered":"<p>obtu fluid systems m\u00fc\u015fteriye \u00f6zel hidrolik sistemleri sunar! Hareket ettirmek istedi\u011finiz sistemler var fakat yeriniz dar ve y\u00fck\u00fcn\u00fcz a\u011f\u0131r m\u0131 ? O zaman tam do\u011fru adrestesiniz, muhtemelen size uygun \u00e7\u00f6z\u00fcmlerimiz olacakt\u0131r !<\/p>\n","protected":false},"author":1,"featured_media":0,"parent":0,"menu_order":0,"comment_status":"closed","ping_status":"closed","template":"","meta":{"footnotes":""},"class_list":["post-204","page","type-page","status-publish","hentry"],"yoast_head":"<!-- This site is optimized with the Yoast SEO plugin v27.5 - https:\/\/yoast.com\/product\/yoast-seo-wordpress\/ -->\n<title>Ana Sayfa - obtu fluid systems gmbh<\/title>\n<meta name=\"robots\" content=\"index, follow, max-snippet:-1, max-image-preview:large, max-video-preview:-1\" \/>\n<link rel=\"canonical\" href=\"https:\/\/www.obtu.de\/tr\/\" \/>\n<meta property=\"og:locale\" content=\"tr_TR\" \/>\n<meta property=\"og:type\" content=\"article\" \/>\n<meta property=\"og:title\" content=\"Ana Sayfa - obtu fluid systems gmbh\" \/>\n<meta property=\"og:description\" content=\"obtu fluid systems m\u00fc\u015fteriye \u00f6zel hidrolik sistemleri sunar! Hareket ettirmek istedi\u011finiz sistemler var fakat yeriniz dar ve y\u00fck\u00fcn\u00fcz a\u011f\u0131r m\u0131 ? O zaman tam do\u011fru adrestesiniz, muhtemelen size uygun \u00e7\u00f6z\u00fcmlerimiz olacakt\u0131r !\" \/>\n<meta property=\"og:url\" content=\"https:\/\/www.obtu.de\/tr\/\" \/>\n<meta property=\"og:site_name\" content=\"obtu fluid systems gmbh\" \/>\n<meta property=\"og:image\" content=\"https:\/\/www.obtu.de\/wp-content\/uploads\/2013\/09\/big_hydr.png\" \/>\n<script type=\"application\/ld+json\" class=\"yoast-schema-graph\">{\"@context\":\"https:\\\/\\\/schema.org\",\"@graph\":[{\"@type\":\"WebPage\",\"@id\":\"https:\\\/\\\/www.obtu.de\\\/tr\\\/\",\"url\":\"https:\\\/\\\/www.obtu.de\\\/tr\\\/\",\"name\":\"Ana Sayfa - obtu fluid systems gmbh\",\"isPartOf\":{\"@id\":\"https:\\\/\\\/www.obtu.de\\\/#website\"},\"datePublished\":\"2013-12-09T11:51:00+00:00\",\"inLanguage\":\"tr\",\"potentialAction\":[{\"@type\":\"ReadAction\",\"target\":[\"https:\\\/\\\/www.obtu.de\\\/tr\\\/\"]}]},{\"@type\":\"WebSite\",\"@id\":\"https:\\\/\\\/www.obtu.de\\\/#website\",\"url\":\"https:\\\/\\\/www.obtu.de\\\/\",\"name\":\"obtu fluid systems gmbh\",\"description\":\"feine Hydraulik nach Ma\u00df\",\"potentialAction\":[{\"@type\":\"SearchAction\",\"target\":{\"@type\":\"EntryPoint\",\"urlTemplate\":\"https:\\\/\\\/www.obtu.de\\\/?s={search_term_string}\"},\"query-input\":{\"@type\":\"PropertyValueSpecification\",\"valueRequired\":true,\"valueName\":\"search_term_string\"}}],\"inLanguage\":\"tr\"}]}<\/script>\n<!-- \/ Yoast SEO plugin. -->","yoast_head_json":{"title":"Ana Sayfa - obtu fluid systems gmbh","robots":{"index":"index","follow":"follow","max-snippet":"max-snippet:-1","max-image-preview":"max-image-preview:large","max-video-preview":"max-video-preview:-1"},"canonical":"https:\/\/www.obtu.de\/tr\/","og_locale":"tr_TR","og_type":"article","og_title":"Ana Sayfa - obtu fluid systems gmbh","og_description":"obtu fluid systems m\u00fc\u015fteriye \u00f6zel hidrolik sistemleri sunar! Hareket ettirmek istedi\u011finiz sistemler var fakat yeriniz dar ve y\u00fck\u00fcn\u00fcz a\u011f\u0131r m\u0131 ? O zaman tam do\u011fru adrestesiniz, muhtemelen size uygun \u00e7\u00f6z\u00fcmlerimiz olacakt\u0131r !","og_url":"https:\/\/www.obtu.de\/tr\/","og_site_name":"obtu fluid systems gmbh","og_image":[{"url":"https:\/\/www.obtu.de\/wp-content\/uploads\/2013\/09\/big_hydr.png","type":"","width":"","height":""}],"schema":{"@context":"https:\/\/schema.org","@graph":[{"@type":"WebPage","@id":"https:\/\/www.obtu.de\/tr\/","url":"https:\/\/www.obtu.de\/tr\/","name":"Ana Sayfa - obtu fluid systems gmbh","isPartOf":{"@id":"https:\/\/www.obtu.de\/#website"},"datePublished":"2013-12-09T11:51:00+00:00","inLanguage":"tr","potentialAction":[{"@type":"ReadAction","target":["https:\/\/www.obtu.de\/tr\/"]}]},{"@type":"WebSite","@id":"https:\/\/www.obtu.de\/#website","url":"https:\/\/www.obtu.de\/","name":"obtu fluid systems gmbh","description":"feine Hydraulik nach Ma\u00df","potentialAction":[{"@type":"SearchAction","target":{"@type":"EntryPoint","urlTemplate":"https:\/\/www.obtu.de\/?s={search_term_string}"},"query-input":{"@type":"PropertyValueSpecification","valueRequired":true,"valueName":"search_term_string"}}],"inLanguage":"tr"}]}},"_links":{"self":[{"href":"https:\/\/www.obtu.de\/tr\/wp-json\/wp\/v2\/pages\/204","targetHints":{"allow":["GET"]}}],"collection":[{"href":"https:\/\/www.obtu.de\/tr\/wp-json\/wp\/v2\/pages"}],"about":[{"href":"https:\/\/www.obtu.de\/tr\/wp-json\/wp\/v2\/types\/page"}],"author":[{"embeddable":true,"href":"https:\/\/www.obtu.de\/tr\/wp-json\/wp\/v2\/users\/1"}],"replies":[{"embeddable":true,"href":"https:\/\/www.obtu.de\/tr\/wp-json\/wp\/v2\/comments?post=204"}],"version-history":[{"count":1,"href":"https:\/\/www.obtu.de\/tr\/wp-json\/wp\/v2\/pages\/204\/revisions"}],"predecessor-version":[{"id":205,"href":"https:\/\/www.obtu.de\/tr\/wp-json\/wp\/v2\/pages\/204\/revisions\/205"}],"wp:attachment":[{"href":"https:\/\/www.obtu.de\/tr\/wp-json\/wp\/v2\/media?parent=204"}],"curies":[{"name":"wp","href":"https:\/\/api.w.org\/{rel}","templated":true}]}}