{"id":208,"date":"2013-09-10T15:58:09","date_gmt":"2013-09-10T13:58:09","guid":{"rendered":"http:\/\/www.obtu.de\/?page_id=208"},"modified":"2017-09-29T08:08:25","modified_gmt":"2017-09-29T06:08:25","slug":"sirket","status":"publish","type":"page","link":"https:\/\/www.obtu.de\/tr\/sirket\/","title":{"rendered":"\u015eirket"},"content":{"rendered":"<h2><strong>obtu fluid systems gmbh<\/strong> firmas\u0131, m\u00fc\u015fteriler ile birlikte yak\u0131n i\u015fbirli\u011fi yap\u0131larak geli\u015ftirilen k\u00fc\u00e7\u00fck hidrolik komponent ve sistem uzman\u0131d\u0131r.<\/h2>\n<p><a href=\"https:\/\/www.obtu.de\/wp-content\/uploads\/2013\/09\/donaustauferstr.jpg\"><img loading=\"lazy\" decoding=\"async\" class=\"alignright wp-image-416 size-full\" src=\"https:\/\/www.obtu.de\/wp-content\/uploads\/2013\/09\/donaustauferstr.jpg\" alt=\"\" width=\"450\" height=\"279\" \/><\/a>\u015eirketimizin g\u00fcc\u00fc, \u201cklasik\u201d hidrolik sistemlerinin bug\u00fcne kadar uygulanmad\u0131\u011f\u0131 kullan\u0131m alanlar\u0131nda da hidrolik sistem \u00e7\u00f6z\u00fcmlerini geli\u015ftirmektir. Bu arada m\u00fc\u015fterilerimizin ikna oldu\u011fu ve gayet ba\u015far\u0131l\u0131 \u00e7\u00f6z\u00fcmlerin uyguland\u0131\u011f\u0131 \u00e7ok say\u0131da \u00f6rnekler mevcuttur. Bu \u00e7\u00f6z\u00fcmler hem fonksiyon hem de fiyat\/kalite oran\u0131 a\u00e7\u0131s\u0131ndan fayda sa\u011flam\u0131\u015f \u00e7\u00f6z\u00fcmlerdir!<\/p>\n<p>\u015eirket hissedarlar\u0131 ve ara\u015ft\u0131rma geli\u015ftirme partnerleri otomasyon teknolojileri, otomotiv sekt\u00f6r\u00fcndeki \u00f6zel uygulamalardaki aktorik \u00e7\u00f6z\u00fcmleri ve \u00f6zellikle hasta muhafaza alan\u0131nda kullan\u0131lan komple sistemlerde kullan\u0131lan k\u00fc\u00e7\u00fck hidrolik komponet ve sistemler alan\u0131nda geni\u015f tecr\u00fcbelere sahiptir. Burada gittik\u00e7e manyetik olmayan sistemlere ihtiya\u00e7 duyan modern te\u015fhis sistemleri \u015firketimizin son y\u0131llarda ba\u015far\u0131 ile ger\u00e7ekle\u015ftirdi\u011fi ve yo\u011funla\u015ft\u0131\u011f\u0131 sistemlerdir.<\/p>\n","protected":false},"excerpt":{"rendered":"<p>obtu fluid systems gmbh firmas\u0131, m\u00fc\u015fteriler ile birlikte yak\u0131n i\u015fbirli\u011fi yap\u0131larak geli\u015ftirilen k\u00fc\u00e7\u00fck hidrolik komponent ve sistem uzman\u0131d\u0131r. \u015eirketimizin g\u00fcc\u00fc, \u201cklasik\u201d hidrolik sistemlerinin bug\u00fcne kadar uygulanmad\u0131\u011f\u0131 kullan\u0131m alanlar\u0131nda da hidrolik sistem \u00e7\u00f6z\u00fcmlerini geli\u015ftirmektir. Bu arada m\u00fc\u015fterilerimizin ikna oldu\u011fu ve gayet ba\u015far\u0131l\u0131 \u00e7\u00f6z\u00fcmlerin uyguland\u0131\u011f\u0131 \u00e7ok say\u0131da \u00f6rnekler mevcuttur. Bu \u00e7\u00f6z\u00fcmler hem fonksiyon hem de fiyat\/kalite oran\u0131&#8230;  <a class=\"excerpt-read-more\" href=\"https:\/\/www.obtu.de\/tr\/sirket\/\" title=\"Read\u015eirket\">Read more &raquo;<\/a><\/p>\n","protected":false},"author":1,"featured_media":0,"parent":0,"menu_order":0,"comment_status":"closed","ping_status":"open","template":"","meta":{"footnotes":""},"class_list":["post-208","page","type-page","status-publish","hentry"],"yoast_head":"<!-- This site is optimized with the Yoast SEO plugin v27.5 - https:\/\/yoast.com\/product\/yoast-seo-wordpress\/ -->\n<title>\u015eirket - obtu fluid systems gmbh<\/title>\n<meta name=\"robots\" content=\"index, follow, max-snippet:-1, max-image-preview:large, max-video-preview:-1\" \/>\n<link rel=\"canonical\" href=\"https:\/\/www.obtu.de\/tr\/sirket\/\" \/>\n<meta property=\"og:locale\" content=\"tr_TR\" \/>\n<meta property=\"og:type\" content=\"article\" \/>\n<meta property=\"og:title\" content=\"\u015eirket - obtu fluid systems gmbh\" \/>\n<meta property=\"og:description\" content=\"obtu fluid systems gmbh firmas\u0131, m\u00fc\u015fteriler ile birlikte yak\u0131n i\u015fbirli\u011fi yap\u0131larak geli\u015ftirilen k\u00fc\u00e7\u00fck hidrolik komponent ve sistem uzman\u0131d\u0131r. \u015eirketimizin g\u00fcc\u00fc, \u201cklasik\u201d hidrolik sistemlerinin bug\u00fcne kadar uygulanmad\u0131\u011f\u0131 kullan\u0131m alanlar\u0131nda da hidrolik sistem \u00e7\u00f6z\u00fcmlerini geli\u015ftirmektir. Bu arada m\u00fc\u015fterilerimizin ikna oldu\u011fu ve gayet ba\u015far\u0131l\u0131 \u00e7\u00f6z\u00fcmlerin uyguland\u0131\u011f\u0131 \u00e7ok say\u0131da \u00f6rnekler mevcuttur. Bu \u00e7\u00f6z\u00fcmler hem fonksiyon hem de fiyat\/kalite oran\u0131... Read more &raquo;\" \/>\n<meta property=\"og:url\" content=\"https:\/\/www.obtu.de\/tr\/sirket\/\" \/>\n<meta property=\"og:site_name\" content=\"obtu fluid systems gmbh\" \/>\n<meta property=\"article:modified_time\" content=\"2017-09-29T06:08:25+00:00\" \/>\n<meta property=\"og:image\" content=\"https:\/\/www.obtu.de\/wp-content\/uploads\/2013\/09\/donaustauferstr.jpg\" \/>\n<meta name=\"twitter:label1\" content=\"Tahmini okuma s\u00fcresi\" \/>\n\t<meta name=\"twitter:data1\" content=\"1 dakika\" \/>\n<script type=\"application\/ld+json\" class=\"yoast-schema-graph\">{\"@context\":\"https:\\\/\\\/schema.org\",\"@graph\":[{\"@type\":\"WebPage\",\"@id\":\"https:\\\/\\\/www.obtu.de\\\/tr\\\/sirket\\\/\",\"url\":\"https:\\\/\\\/www.obtu.de\\\/tr\\\/sirket\\\/\",\"name\":\"\u015eirket - obtu fluid systems gmbh\",\"isPartOf\":{\"@id\":\"https:\\\/\\\/www.obtu.de\\\/#website\"},\"primaryImageOfPage\":{\"@id\":\"https:\\\/\\\/www.obtu.de\\\/tr\\\/sirket\\\/#primaryimage\"},\"image\":{\"@id\":\"https:\\\/\\\/www.obtu.de\\\/tr\\\/sirket\\\/#primaryimage\"},\"thumbnailUrl\":\"https:\\\/\\\/www.obtu.de\\\/wp-content\\\/uploads\\\/2013\\\/09\\\/donaustauferstr.jpg\",\"datePublished\":\"2013-09-10T13:58:09+00:00\",\"dateModified\":\"2017-09-29T06:08:25+00:00\",\"inLanguage\":\"tr\",\"potentialAction\":[{\"@type\":\"ReadAction\",\"target\":[\"https:\\\/\\\/www.obtu.de\\\/tr\\\/sirket\\\/\"]}]},{\"@type\":\"ImageObject\",\"inLanguage\":\"tr\",\"@id\":\"https:\\\/\\\/www.obtu.de\\\/tr\\\/sirket\\\/#primaryimage\",\"url\":\"https:\\\/\\\/www.obtu.de\\\/wp-content\\\/uploads\\\/2013\\\/09\\\/donaustauferstr.jpg\",\"contentUrl\":\"https:\\\/\\\/www.obtu.de\\\/wp-content\\\/uploads\\\/2013\\\/09\\\/donaustauferstr.jpg\"},{\"@type\":\"WebSite\",\"@id\":\"https:\\\/\\\/www.obtu.de\\\/#website\",\"url\":\"https:\\\/\\\/www.obtu.de\\\/\",\"name\":\"obtu fluid systems gmbh\",\"description\":\"feine Hydraulik nach Ma\u00df\",\"potentialAction\":[{\"@type\":\"SearchAction\",\"target\":{\"@type\":\"EntryPoint\",\"urlTemplate\":\"https:\\\/\\\/www.obtu.de\\\/?s={search_term_string}\"},\"query-input\":{\"@type\":\"PropertyValueSpecification\",\"valueRequired\":true,\"valueName\":\"search_term_string\"}}],\"inLanguage\":\"tr\"}]}<\/script>\n<!-- \/ Yoast SEO plugin. -->","yoast_head_json":{"title":"\u015eirket - obtu fluid systems gmbh","robots":{"index":"index","follow":"follow","max-snippet":"max-snippet:-1","max-image-preview":"max-image-preview:large","max-video-preview":"max-video-preview:-1"},"canonical":"https:\/\/www.obtu.de\/tr\/sirket\/","og_locale":"tr_TR","og_type":"article","og_title":"\u015eirket - obtu fluid systems gmbh","og_description":"obtu fluid systems gmbh firmas\u0131, m\u00fc\u015fteriler ile birlikte yak\u0131n i\u015fbirli\u011fi yap\u0131larak geli\u015ftirilen k\u00fc\u00e7\u00fck hidrolik komponent ve sistem uzman\u0131d\u0131r. \u015eirketimizin g\u00fcc\u00fc, \u201cklasik\u201d hidrolik sistemlerinin bug\u00fcne kadar uygulanmad\u0131\u011f\u0131 kullan\u0131m alanlar\u0131nda da hidrolik sistem \u00e7\u00f6z\u00fcmlerini geli\u015ftirmektir. Bu arada m\u00fc\u015fterilerimizin ikna oldu\u011fu ve gayet ba\u015far\u0131l\u0131 \u00e7\u00f6z\u00fcmlerin uyguland\u0131\u011f\u0131 \u00e7ok say\u0131da \u00f6rnekler mevcuttur. Bu \u00e7\u00f6z\u00fcmler hem fonksiyon hem de fiyat\/kalite oran\u0131... Read more &raquo;","og_url":"https:\/\/www.obtu.de\/tr\/sirket\/","og_site_name":"obtu fluid systems gmbh","article_modified_time":"2017-09-29T06:08:25+00:00","og_image":[{"url":"https:\/\/www.obtu.de\/wp-content\/uploads\/2013\/09\/donaustauferstr.jpg","type":"","width":"","height":""}],"twitter_misc":{"Tahmini okuma s\u00fcresi":"1 dakika"},"schema":{"@context":"https:\/\/schema.org","@graph":[{"@type":"WebPage","@id":"https:\/\/www.obtu.de\/tr\/sirket\/","url":"https:\/\/www.obtu.de\/tr\/sirket\/","name":"\u015eirket - obtu fluid systems gmbh","isPartOf":{"@id":"https:\/\/www.obtu.de\/#website"},"primaryImageOfPage":{"@id":"https:\/\/www.obtu.de\/tr\/sirket\/#primaryimage"},"image":{"@id":"https:\/\/www.obtu.de\/tr\/sirket\/#primaryimage"},"thumbnailUrl":"https:\/\/www.obtu.de\/wp-content\/uploads\/2013\/09\/donaustauferstr.jpg","datePublished":"2013-09-10T13:58:09+00:00","dateModified":"2017-09-29T06:08:25+00:00","inLanguage":"tr","potentialAction":[{"@type":"ReadAction","target":["https:\/\/www.obtu.de\/tr\/sirket\/"]}]},{"@type":"ImageObject","inLanguage":"tr","@id":"https:\/\/www.obtu.de\/tr\/sirket\/#primaryimage","url":"https:\/\/www.obtu.de\/wp-content\/uploads\/2013\/09\/donaustauferstr.jpg","contentUrl":"https:\/\/www.obtu.de\/wp-content\/uploads\/2013\/09\/donaustauferstr.jpg"},{"@type":"WebSite","@id":"https:\/\/www.obtu.de\/#website","url":"https:\/\/www.obtu.de\/","name":"obtu fluid systems gmbh","description":"feine Hydraulik nach Ma\u00df","potentialAction":[{"@type":"SearchAction","target":{"@type":"EntryPoint","urlTemplate":"https:\/\/www.obtu.de\/?s={search_term_string}"},"query-input":{"@type":"PropertyValueSpecification","valueRequired":true,"valueName":"search_term_string"}}],"inLanguage":"tr"}]}},"_links":{"self":[{"href":"https:\/\/www.obtu.de\/tr\/wp-json\/wp\/v2\/pages\/208","targetHints":{"allow":["GET"]}}],"collection":[{"href":"https:\/\/www.obtu.de\/tr\/wp-json\/wp\/v2\/pages"}],"about":[{"href":"https:\/\/www.obtu.de\/tr\/wp-json\/wp\/v2\/types\/page"}],"author":[{"embeddable":true,"href":"https:\/\/www.obtu.de\/tr\/wp-json\/wp\/v2\/users\/1"}],"replies":[{"embeddable":true,"href":"https:\/\/www.obtu.de\/tr\/wp-json\/wp\/v2\/comments?post=208"}],"version-history":[{"count":5,"href":"https:\/\/www.obtu.de\/tr\/wp-json\/wp\/v2\/pages\/208\/revisions"}],"predecessor-version":[{"id":475,"href":"https:\/\/www.obtu.de\/tr\/wp-json\/wp\/v2\/pages\/208\/revisions\/475"}],"wp:attachment":[{"href":"https:\/\/www.obtu.de\/tr\/wp-json\/wp\/v2\/media?parent=208"}],"curies":[{"name":"wp","href":"https:\/\/api.w.org\/{rel}","templated":true}]}}