{"id":213,"date":"2013-09-10T15:58:32","date_gmt":"2013-09-10T13:58:32","guid":{"rendered":"http:\/\/www.obtu.de\/?page_id=213"},"modified":"2015-11-23T11:50:14","modified_gmt":"2015-11-23T09:50:14","slug":"iletisim","status":"publish","type":"page","link":"https:\/\/www.obtu.de\/tr\/iletisim\/","title":{"rendered":"\u0130leti\u015fim"},"content":{"rendered":"<div class=\"sixcol first\">\n<div class=\"wpcf7 no-js\" id=\"wpcf7-f304-o1\" lang=\"tr-TR\" dir=\"ltr\" data-wpcf7-id=\"304\">\n<div class=\"screen-reader-response\"><p role=\"status\" aria-live=\"polite\" aria-atomic=\"true\"><\/p> <ul><\/ul><\/div>\n<form action=\"\/tr\/wp-json\/wp\/v2\/pages\/213#wpcf7-f304-o1\" method=\"post\" class=\"wpcf7-form init\" aria-label=\"\u0130leti\u015fim Formu\" novalidate=\"novalidate\" data-status=\"init\">\n<fieldset class=\"hidden-fields-container\"><input type=\"hidden\" name=\"_wpcf7\" value=\"304\" \/><input type=\"hidden\" name=\"_wpcf7_version\" value=\"6.1.5\" \/><input type=\"hidden\" name=\"_wpcf7_locale\" value=\"tr_TR\" \/><input type=\"hidden\" name=\"_wpcf7_unit_tag\" value=\"wpcf7-f304-o1\" \/><input type=\"hidden\" name=\"_wpcf7_container_post\" value=\"0\" \/><input type=\"hidden\" name=\"_wpcf7_posted_data_hash\" value=\"\" \/>\n<\/fieldset>\n<p>Ad\u0131n\u0131z (gerekli)\n<\/p>\n<p><span class=\"wpcf7-form-control-wrap\" data-name=\"your-name\"><input size=\"40\" maxlength=\"400\" class=\"wpcf7-form-control wpcf7-text wpcf7-validates-as-required\" aria-required=\"true\" aria-invalid=\"false\" value=\"\" type=\"text\" name=\"your-name\" \/><\/span>\n<\/p>\n<p>Epostan\u0131z (gerekli)\n<\/p>\n<p><span class=\"wpcf7-form-control-wrap\" data-name=\"your-email\"><input size=\"40\" maxlength=\"400\" class=\"wpcf7-form-control wpcf7-email wpcf7-validates-as-required wpcf7-text wpcf7-validates-as-email\" aria-required=\"true\" aria-invalid=\"false\" value=\"\" type=\"email\" name=\"your-email\" \/><\/span>\n<\/p>\n<p>Konu\n<\/p>\n<p><span class=\"wpcf7-form-control-wrap\" data-name=\"your-subject\"><input size=\"40\" maxlength=\"400\" class=\"wpcf7-form-control wpcf7-text wpcf7-validates-as-required\" aria-required=\"true\" aria-invalid=\"false\" value=\"\" type=\"text\" name=\"your-subject\" \/><\/span>\n<\/p>\n<p>\u0130letiniz\n<\/p>\n<p><span class=\"wpcf7-form-control-wrap\" data-name=\"your-message\"><textarea cols=\"40\" rows=\"10\" maxlength=\"2000\" class=\"wpcf7-form-control wpcf7-textarea\" aria-invalid=\"false\" name=\"your-message\"><\/textarea><\/span>\n<\/p>\n<p><input class=\"wpcf7-form-control wpcf7-submit has-spinner\" type=\"submit\" value=\"G\u00f6nder\" \/>\n<\/p><div class=\"wpcf7-response-output\" aria-hidden=\"true\"><\/div>\n<\/form>\n<\/div>\n<\/div>\n<div class=\"sixcol last\">\n<h2>K\u00fcnye<\/h2>\n<p><b>obtu fluid systems gmbh<\/b><br \/>\nDonaustaufer Stra\u00dfe 228<br \/>\n93055 Regensburg<\/p>\n<p>TEL: +49 941 6987 55-10<img loading=\"lazy\" decoding=\"async\" style=\"border: 0px none; cursor: pointer; vertical-align: top;\" src=\"chrome:\/\/sipgateffx\/skin\/icon_click2dial.gif\" alt=\"\" width=\"16\" height=\"16\" align=\"bottom\" \/><br \/>\nFAX: +49 941 6987 55-39<img loading=\"lazy\" decoding=\"async\" style=\"border: 0px none; cursor: pointer; vertical-align: top;\" src=\"chrome:\/\/sipgateffx\/skin\/icon_click2dial.gif\" alt=\"\" width=\"16\" height=\"16\" align=\"bottom\" \/><br \/>\nemail: <a href=\"mailto:info@obtu.de\">info@obtu.de<\/a><\/p>\n<p>\u015eirket merkezi: Regensburg, Regensburg Sulh Mahkemesi<br \/>\nTescil Nr. HR B 11893<br \/>\nGenel M\u00fcd\u00fcrler: Y\u00fccel Tuna \/ Walter Oberleitner<\/p>\n<\/div>\n","protected":false},"excerpt":{"rendered":"<p>K\u00fcnye obtu fluid systems gmbh Donaustaufer Stra\u00dfe 228 93055 Regensburg TEL: +49 941 6987 55-10 FAX: +49 941 6987 55-39 email: info@obtu.de \u015eirket merkezi: Regensburg, Regensburg Sulh Mahkemesi Tescil Nr. HR B 11893 Genel M\u00fcd\u00fcrler: Y\u00fccel Tuna \/ Walter Oberleitner<\/p>\n","protected":false},"author":1,"featured_media":0,"parent":0,"menu_order":0,"comment_status":"closed","ping_status":"open","template":"","meta":{"footnotes":""},"class_list":["post-213","page","type-page","status-publish","hentry"],"yoast_head":"<!-- This site is optimized with the Yoast SEO plugin v27.4 - https:\/\/yoast.com\/product\/yoast-seo-wordpress\/ -->\n<title>\u0130leti\u015fim - obtu fluid systems gmbh<\/title>\n<meta name=\"robots\" content=\"index, follow, max-snippet:-1, max-image-preview:large, max-video-preview:-1\" \/>\n<link rel=\"canonical\" href=\"https:\/\/www.obtu.de\/tr\/iletisim\/\" \/>\n<meta property=\"og:locale\" content=\"tr_TR\" \/>\n<meta property=\"og:type\" content=\"article\" \/>\n<meta property=\"og:title\" content=\"\u0130leti\u015fim - obtu fluid systems gmbh\" \/>\n<meta property=\"og:description\" content=\"K\u00fcnye obtu fluid systems gmbh Donaustaufer Stra\u00dfe 228 93055 Regensburg TEL: +49 941 6987 55-10 FAX: +49 941 6987 55-39 email: info@obtu.de \u015eirket merkezi: Regensburg, Regensburg Sulh Mahkemesi Tescil Nr. HR B 11893 Genel M\u00fcd\u00fcrler: Y\u00fccel Tuna \/ Walter Oberleitner\" \/>\n<meta property=\"og:url\" content=\"https:\/\/www.obtu.de\/tr\/iletisim\/\" \/>\n<meta property=\"og:site_name\" content=\"obtu fluid systems gmbh\" \/>\n<meta property=\"article:modified_time\" content=\"2015-11-23T09:50:14+00:00\" \/>\n<meta property=\"og:image\" content=\"\" \/>\n<script type=\"application\/ld+json\" class=\"yoast-schema-graph\">{\"@context\":\"https:\\\/\\\/schema.org\",\"@graph\":[{\"@type\":\"WebPage\",\"@id\":\"https:\\\/\\\/www.obtu.de\\\/tr\\\/iletisim\\\/\",\"url\":\"https:\\\/\\\/www.obtu.de\\\/tr\\\/iletisim\\\/\",\"name\":\"\u0130leti\u015fim - obtu fluid systems gmbh\",\"isPartOf\":{\"@id\":\"https:\\\/\\\/www.obtu.de\\\/#website\"},\"primaryImageOfPage\":{\"@id\":\"https:\\\/\\\/www.obtu.de\\\/tr\\\/iletisim\\\/#primaryimage\"},\"image\":{\"@id\":\"https:\\\/\\\/www.obtu.de\\\/tr\\\/iletisim\\\/#primaryimage\"},\"thumbnailUrl\":\"chrome:\\\/\\\/sipgateffx\\\/skin\\\/icon_click2dial.gif\",\"datePublished\":\"2013-09-10T13:58:32+00:00\",\"dateModified\":\"2015-11-23T09:50:14+00:00\",\"inLanguage\":\"tr\",\"potentialAction\":[{\"@type\":\"ReadAction\",\"target\":[\"https:\\\/\\\/www.obtu.de\\\/tr\\\/iletisim\\\/\"]}]},{\"@type\":\"ImageObject\",\"inLanguage\":\"tr\",\"@id\":\"https:\\\/\\\/www.obtu.de\\\/tr\\\/iletisim\\\/#primaryimage\",\"url\":\"chrome:\\\/\\\/sipgateffx\\\/skin\\\/icon_click2dial.gif\",\"contentUrl\":\"chrome:\\\/\\\/sipgateffx\\\/skin\\\/icon_click2dial.gif\"},{\"@type\":\"WebSite\",\"@id\":\"https:\\\/\\\/www.obtu.de\\\/#website\",\"url\":\"https:\\\/\\\/www.obtu.de\\\/\",\"name\":\"obtu fluid systems gmbh\",\"description\":\"feine Hydraulik nach Ma\u00df\",\"potentialAction\":[{\"@type\":\"SearchAction\",\"target\":{\"@type\":\"EntryPoint\",\"urlTemplate\":\"https:\\\/\\\/www.obtu.de\\\/?s={search_term_string}\"},\"query-input\":{\"@type\":\"PropertyValueSpecification\",\"valueRequired\":true,\"valueName\":\"search_term_string\"}}],\"inLanguage\":\"tr\"}]}<\/script>\n<!-- \/ Yoast SEO plugin. -->","yoast_head_json":{"title":"\u0130leti\u015fim - obtu fluid systems gmbh","robots":{"index":"index","follow":"follow","max-snippet":"max-snippet:-1","max-image-preview":"max-image-preview:large","max-video-preview":"max-video-preview:-1"},"canonical":"https:\/\/www.obtu.de\/tr\/iletisim\/","og_locale":"tr_TR","og_type":"article","og_title":"\u0130leti\u015fim - obtu fluid systems gmbh","og_description":"K\u00fcnye obtu fluid systems gmbh Donaustaufer Stra\u00dfe 228 93055 Regensburg TEL: +49 941 6987 55-10 FAX: +49 941 6987 55-39 email: info@obtu.de \u015eirket merkezi: Regensburg, Regensburg Sulh Mahkemesi Tescil Nr. HR B 11893 Genel M\u00fcd\u00fcrler: Y\u00fccel Tuna \/ Walter Oberleitner","og_url":"https:\/\/www.obtu.de\/tr\/iletisim\/","og_site_name":"obtu fluid systems gmbh","article_modified_time":"2015-11-23T09:50:14+00:00","og_image":[{"url":"chrome:\/\/sipgateffx\/skin\/icon_click2dial.gif","type":"","width":"","height":""}],"schema":{"@context":"https:\/\/schema.org","@graph":[{"@type":"WebPage","@id":"https:\/\/www.obtu.de\/tr\/iletisim\/","url":"https:\/\/www.obtu.de\/tr\/iletisim\/","name":"\u0130leti\u015fim - obtu fluid systems gmbh","isPartOf":{"@id":"https:\/\/www.obtu.de\/#website"},"primaryImageOfPage":{"@id":"https:\/\/www.obtu.de\/tr\/iletisim\/#primaryimage"},"image":{"@id":"https:\/\/www.obtu.de\/tr\/iletisim\/#primaryimage"},"thumbnailUrl":"chrome:\/\/sipgateffx\/skin\/icon_click2dial.gif","datePublished":"2013-09-10T13:58:32+00:00","dateModified":"2015-11-23T09:50:14+00:00","inLanguage":"tr","potentialAction":[{"@type":"ReadAction","target":["https:\/\/www.obtu.de\/tr\/iletisim\/"]}]},{"@type":"ImageObject","inLanguage":"tr","@id":"https:\/\/www.obtu.de\/tr\/iletisim\/#primaryimage","url":"chrome:\/\/sipgateffx\/skin\/icon_click2dial.gif","contentUrl":"chrome:\/\/sipgateffx\/skin\/icon_click2dial.gif"},{"@type":"WebSite","@id":"https:\/\/www.obtu.de\/#website","url":"https:\/\/www.obtu.de\/","name":"obtu fluid systems gmbh","description":"feine Hydraulik nach Ma\u00df","potentialAction":[{"@type":"SearchAction","target":{"@type":"EntryPoint","urlTemplate":"https:\/\/www.obtu.de\/?s={search_term_string}"},"query-input":{"@type":"PropertyValueSpecification","valueRequired":true,"valueName":"search_term_string"}}],"inLanguage":"tr"}]}},"_links":{"self":[{"href":"https:\/\/www.obtu.de\/tr\/wp-json\/wp\/v2\/pages\/213","targetHints":{"allow":["GET"]}}],"collection":[{"href":"https:\/\/www.obtu.de\/tr\/wp-json\/wp\/v2\/pages"}],"about":[{"href":"https:\/\/www.obtu.de\/tr\/wp-json\/wp\/v2\/types\/page"}],"author":[{"embeddable":true,"href":"https:\/\/www.obtu.de\/tr\/wp-json\/wp\/v2\/users\/1"}],"replies":[{"embeddable":true,"href":"https:\/\/www.obtu.de\/tr\/wp-json\/wp\/v2\/comments?post=213"}],"version-history":[{"count":5,"href":"https:\/\/www.obtu.de\/tr\/wp-json\/wp\/v2\/pages\/213\/revisions"}],"predecessor-version":[{"id":431,"href":"https:\/\/www.obtu.de\/tr\/wp-json\/wp\/v2\/pages\/213\/revisions\/431"}],"wp:attachment":[{"href":"https:\/\/www.obtu.de\/tr\/wp-json\/wp\/v2\/media?parent=213"}],"curies":[{"name":"wp","href":"https:\/\/api.w.org\/{rel}","templated":true}]}}