{"id":218,"date":"2013-09-10T15:57:52","date_gmt":"2013-09-10T13:57:52","guid":{"rendered":"http:\/\/www.obtu.de\/?page_id=218"},"modified":"2014-02-05T10:05:38","modified_gmt":"2014-02-05T08:05:38","slug":"ueruenler","status":"publish","type":"page","link":"https:\/\/www.obtu.de\/tr\/ueruenler\/","title":{"rendered":"\u00dcr\u00fcnler"},"content":{"rendered":"<h2 style=\"font-size: 150%; margin-bottom: 20px;\">\u0130lk etapta talep edilen fonksiyona odakland\u0131\u011f\u0131m\u0131zdan projeye ba\u011fl\u0131 olarak \u00e7ok farkl\u0131 \u00fcr\u00fcnler ortaya \u00e7\u0131kmaktad\u0131r.<\/h2>\n<div class=\"columns\" id=\"showroom-menu\">\n<div class=\"fourcol first\"><a class=\"teaser blockimg\" href=\"#medizintechnik\" data-name=\"hir-medizin\"><img decoding=\"async\" alt=\"\" src=\"\/wp-content\/uploads\/2013\/09\/tease_humanfactor.jpg\" \/><span class=\"text\">Medikal teknoloji<\/span><\/a><\/div>\n<div class=\"fourcol\"><a class=\"tease blockimg\" href=\"#industrie\" data-name=\"hir-industrie\"><img decoding=\"async\" alt=\"\" src=\"\/wp-content\/uploads\/2013\/09\/tease_brems.jpg\" \/><span class=\"text\">Sanayi<\/span><\/a><\/div>\n<div class=\"fourcol last\"><a class=\"tease blockimg\" href=\"#sondermaschinenbau\" data-name=\"hir-maschine\"><img decoding=\"async\" alt=\"\" src=\"\/wp-content\/uploads\/2013\/09\/tease_hydraulik.jpg\" \/><span class=\"text\">\u00d6zel makina imalat\u0131<\/span><\/a><\/div>\n<\/div>\n<div class=\"showroom-gallery\" id=\"medizintechnik\" data-name=\"hir-medizin\">\n<h2>Medikal teknoloji<\/h2>\n<div class=\"flexslider\"><ul class=\"slides\"><li class=\"gallery-item\"><a href='https:\/\/www.obtu.de\/wp-content\/uploads\/2013\/09\/hydr_stationaer.jpg'><img loading=\"lazy\" decoding=\"async\" width=\"800\" height=\"600\" src=\"https:\/\/www.obtu.de\/wp-content\/uploads\/2013\/09\/hydr_stationaer.jpg\" class=\"attachment-full size-full\" alt=\"\" \/><\/a><div class=\"gallery-item-description\">Mobil hasta yata\u011f\u0131 hidrolik sistemi <\/div><\/li><li class=\"gallery-item\"><a href='https:\/\/www.obtu.de\/wp-content\/uploads\/2013\/09\/hydr_mobil.jpg'><img loading=\"lazy\" decoding=\"async\" width=\"800\" height=\"600\" src=\"https:\/\/www.obtu.de\/wp-content\/uploads\/2013\/09\/hydr_mobil.jpg\" class=\"attachment-full size-full\" alt=\"\" \/><\/a><div class=\"gallery-item-description\">Sabit hasta yata\u011f\u0131 hidrolik sistemi<\/div><\/li><li class=\"gallery-item\"><a href='https:\/\/www.obtu.de\/wp-content\/uploads\/2013\/09\/hydr_einbaulage.jpg'><img loading=\"lazy\" decoding=\"async\" width=\"800\" height=\"600\" src=\"https:\/\/www.obtu.de\/wp-content\/uploads\/2013\/09\/hydr_einbaulage.jpg\" class=\"attachment-full size-full\" alt=\"\" \/><\/a><div class=\"gallery-item-description\">Hidrolik sistemin mobil hasta yata\u011f\u0131 i\u00e7indeki montaj pozisyonu<\/div><\/li><li class=\"gallery-item\"><a href='https:\/\/www.obtu.de\/wp-content\/uploads\/2013\/09\/hydr_anwendung.jpg'><img loading=\"lazy\" decoding=\"async\" width=\"800\" height=\"600\" src=\"https:\/\/www.obtu.de\/wp-content\/uploads\/2013\/09\/hydr_anwendung.jpg\" class=\"attachment-full size-full\" alt=\"\" \/><\/a><div class=\"gallery-item-description\">Siemens AG firmas\u0131n\u0131n onay\u0131 ile mobil hasta yata\u011f\u0131 uygulamas\u0131<\/div><\/li><li class=\"gallery-item\"><a href='https:\/\/www.obtu.de\/wp-content\/uploads\/2013\/09\/medizin_neu.jpg'><img loading=\"lazy\" decoding=\"async\" width=\"800\" height=\"600\" src=\"https:\/\/www.obtu.de\/wp-content\/uploads\/2013\/09\/medizin_neu.jpg\" class=\"attachment-full size-full\" alt=\"\" \/><\/a><div class=\"gallery-item-description\">Hasta yata\u011f\u0131 i\u00e7in pedall\u0131 \u00e7ift pompa<\/div><\/li><li class=\"gallery-item\"><a href='https:\/\/www.obtu.de\/wp-content\/uploads\/2013\/09\/doppelpumpe.jpg'><img loading=\"lazy\" decoding=\"async\" width=\"800\" height=\"600\" src=\"https:\/\/www.obtu.de\/wp-content\/uploads\/2013\/09\/doppelpumpe.jpg\" class=\"attachment-full size-full\" alt=\"\" \/><\/a><div class=\"gallery-item-description\">Hasta yata\u011f\u0131 i\u00e7in pedall\u0131 \u00e7ift pompa<\/div><\/li><\/ul><\/div>\n<\/div>\n<div class=\"showroom-gallery\" id=\"industrie\" data-name=\"hir-industrie\">\n<h2>Sanayi<\/h2>\n<div class=\"flexslider\"><ul class=\"slides\"><li class=\"gallery-item\"><a href='https:\/\/www.obtu.de\/wp-content\/uploads\/2013\/09\/indus_bremszylinder.jpg'><img loading=\"lazy\" decoding=\"async\" width=\"800\" height=\"600\" src=\"https:\/\/www.obtu.de\/wp-content\/uploads\/2013\/09\/indus_bremszylinder.jpg\" class=\"attachment-full size-full\" alt=\"\" \/><\/a><div class=\"gallery-item-description\">Tak\u0131m mili i\u00e7in hidrolikli fren silindiri<\/div><\/li><li class=\"gallery-item\"><a href='https:\/\/www.obtu.de\/wp-content\/uploads\/2013\/09\/indus_ueberlastventil.jpg'><img loading=\"lazy\" decoding=\"async\" width=\"800\" height=\"600\" src=\"https:\/\/www.obtu.de\/wp-content\/uploads\/2013\/09\/indus_ueberlastventil.jpg\" class=\"attachment-full size-full\" alt=\"\" \/><\/a><div class=\"gallery-item-description\">Amortis\u00f6r a\u015f\u0131r\u0131 y\u00fck valf\u0131 a\u00e7ma bas\u0131nc\u0131 180 bar, boyutlar 2,4 x 3,4mm<br>Seri \u00fcretim, y\u0131ll\u0131k \u00fcretim miktar\u0131 > 500 000 adet<\/div><\/li><\/ul><\/div>\n<\/div>\n<div class=\"showroom-gallery\" id=\"sondermaschinenbau\" data-name=\"hir-maschine\">\n<h2>\u00d6zel makina imalat\u0131<\/h2>\n<div class=\"flexslider\"><ul class=\"slides\"><li class=\"gallery-item\"><a href='https:\/\/www.obtu.de\/wp-content\/uploads\/2013\/09\/sonder_einpresszylinder.jpg'><img loading=\"lazy\" decoding=\"async\" width=\"800\" height=\"600\" src=\"https:\/\/www.obtu.de\/wp-content\/uploads\/2013\/09\/sonder_einpresszylinder.jpg\" class=\"attachment-full size-full\" alt=\"\" \/><\/a><div class=\"gallery-item-description\">\u00c7ift fonksiyonlu, bast\u0131rma \u2013 presleme silindiri<\/div><\/li><\/ul><\/div>\n<\/div>\n<p>&nbsp;<\/p>\n<div id=\"accordion\">\n<h3>Bug\u00fcne kadar ger\u00e7ekle\u015ftirilen aktorik uygulamalar\u0131<\/h3>\n<div class=\"slide\">\n<ul>\n<li>Tek y\u00f6nl\u00fc, \u00e7ift y\u00f6nl\u00fc, \u201ciki y\u00f6ne hareket eden\u201d,<\/li>\n<li>E\u015fit h\u0131z silindiri<\/li>\n<li>Kol \u00e7ap\u0131 5 -50 mm<\/li>\n<li>Kol malzemeleri: \u00c7elik, paslanmaz \u00e7elik, al\u00fcminyum<\/li>\n<li>Son konum frenlemesi bulunan\/bulunmayan kaynakl\u0131 konstr\u00fcksiyon, vida ba\u011flant\u0131l\u0131 konstr\u00fcksiyon<\/li>\n<li>\u00c7ift boru konstr\u00fcksiyonu (A ve B ba\u011flant\u0131s\u0131 silindir aya\u011f\u0131nda)<\/li>\n<li>Kaplamal\u0131\/kaplamas\u0131z<\/li>\n<li>Tak\u0131m mili i\u00e7in yayl\u0131 fren silindiri<\/li>\n<li>2 farkl\u0131 fonksiyon (durdurma\/presleme) i\u00e7in 2 adet i\u00e7 i\u00e7e ge\u00e7mi\u015f piston kollu silindir<\/li>\n<\/ul>\n<\/div>\n<h3>Bug\u00fcne kadar ger\u00e7ekle\u015ftirilen tahrik \u00fcniteleri<\/h3>\n<div class=\"slide\">\n<ul>\n<li>Bas\u0131n\u00e7 s\u0131n\u0131rland\u0131rma valfl\u0131 basit standart \u00fcnite<\/li>\n<li>Spesifik adaptasyonlu katalog \u00fcnitesi<\/li>\n<li>Robot kolunda pozisyondan ba\u011f\u0131ms\u0131z i\u015fletim i\u00e7in yayl\u0131 ya\u011f kapasitesi ile donat\u0131lm\u0131\u015f \u00fcnite<\/li>\n<li>Trifaze\/alternatif ak\u0131m, do\u011fru ak\u0131m \u00fcniteleri<\/li>\n<li>Mekanik piston pompalar\u0131 (ayak pompalar\u0131)<\/li>\n<li>Mekanik ve elektrik tahrik \u00fcniteli kombine sistemler<\/li>\n<li>Emniyet sorgulamalar\u0131 i\u00e7in entegre valf teknolojisi<\/li>\n<li>\u00c7ift pompalama \u00fcnitesi<\/li>\n<\/ul>\n<\/div>\n<h3>Bug\u00fcne kadar ger\u00e7ekle\u015ftirilen valf teknolojisi<\/h3>\n<div class=\"slide\">\n<ul>\n<li>Ayarlanabilir frenli bas\u0131n\u00e7 s\u0131n\u0131rland\u0131rma valf\u0131 pompa g\u00f6vdesine entegre edilmi\u015ftir<\/li>\n<li>Ayarlanabilir ak\u0131\u015fkan reg\u00fclasyon valf\u0131e<\/li>\n<li>Blok teknolojisine entegre edilmi\u015f mekanik kumandal\u0131 2\/2 yollu valf<\/li>\n<li>Blok teknolojisine entegre edilmi\u015f mekanik kumandal\u0131, d\u00f6ner vanal\u0131 3\/2 yollu valf<\/li>\n<li>Blok teknolojisine entegre edilmi\u015f hidrolik kumandal\u0131 3\/2 yollu vana valf<\/li>\n<li>Resetlenebilir \u00e7ekvalf entegre edilmi\u015f \/ flan\u015f ile ba\u011flanabilir<\/li>\n<li>ok k\u00fc\u00e7\u00fck bas\u0131n\u00e7 s\u0131n\u0131rland\u0131rma valf\u0131 2,4 x 3,4 mm, p<small style=\"position: relative; top: 5px;\">open<\/small> = 190 bar<\/li>\n<\/ul>\n<\/div>\n<h3>Bug\u00fcne kadar ger\u00e7ekle\u015ftirilen boru hatt\u0131 teknolojisi<\/h3>\n<div class=\"slide\">\n<ul>\n<li>Hortum hatt\u0131 NG3, azami 250 bar din.<\/li>\n<li>Hortum hatt\u0131 NG4, azami 250 bar din.<\/li>\n<\/ul>\n<\/div>\n<\/div>\n","protected":false},"excerpt":{"rendered":"<p>\u0130lk etapta talep edilen fonksiyona odakland\u0131\u011f\u0131m\u0131zdan projeye ba\u011fl\u0131 olarak \u00e7ok farkl\u0131 \u00fcr\u00fcnler ortaya \u00e7\u0131kmaktad\u0131r. Medikal teknoloji Sanayi \u00d6zel makina imalat\u0131 Medikal teknoloji Sanayi \u00d6zel makina imalat\u0131 &nbsp; Bug\u00fcne kadar ger\u00e7ekle\u015ftirilen aktorik uygulamalar\u0131 Tek y\u00f6nl\u00fc, \u00e7ift y\u00f6nl\u00fc, \u201ciki y\u00f6ne hareket eden\u201d, E\u015fit h\u0131z silindiri Kol \u00e7ap\u0131 5 -50 mm Kol malzemeleri: \u00c7elik, paslanmaz \u00e7elik, al\u00fcminyum Son&#8230;  <a class=\"excerpt-read-more\" href=\"https:\/\/www.obtu.de\/tr\/ueruenler\/\" title=\"Read\u00dcr\u00fcnler\">Read more &raquo;<\/a><\/p>\n","protected":false},"author":1,"featured_media":0,"parent":0,"menu_order":0,"comment_status":"closed","ping_status":"open","template":"","meta":{"footnotes":""},"class_list":["post-218","page","type-page","status-publish","hentry"],"yoast_head":"<!-- This site is optimized with the Yoast SEO plugin v27.4 - https:\/\/yoast.com\/product\/yoast-seo-wordpress\/ -->\n<title>\u00dcr\u00fcnler - obtu fluid systems gmbh<\/title>\n<meta name=\"robots\" content=\"index, follow, max-snippet:-1, max-image-preview:large, max-video-preview:-1\" \/>\n<link rel=\"canonical\" href=\"https:\/\/www.obtu.de\/tr\/ueruenler\/\" \/>\n<meta property=\"og:locale\" content=\"tr_TR\" \/>\n<meta property=\"og:type\" content=\"article\" \/>\n<meta property=\"og:title\" content=\"\u00dcr\u00fcnler - obtu fluid systems gmbh\" \/>\n<meta property=\"og:description\" content=\"\u0130lk etapta talep edilen fonksiyona odakland\u0131\u011f\u0131m\u0131zdan projeye ba\u011fl\u0131 olarak \u00e7ok farkl\u0131 \u00fcr\u00fcnler ortaya \u00e7\u0131kmaktad\u0131r. Medikal teknoloji Sanayi \u00d6zel makina imalat\u0131 Medikal teknoloji Sanayi \u00d6zel makina imalat\u0131 &nbsp; Bug\u00fcne kadar ger\u00e7ekle\u015ftirilen aktorik uygulamalar\u0131 Tek y\u00f6nl\u00fc, \u00e7ift y\u00f6nl\u00fc, \u201ciki y\u00f6ne hareket eden\u201d, E\u015fit h\u0131z silindiri Kol \u00e7ap\u0131 5 -50 mm Kol malzemeleri: \u00c7elik, paslanmaz \u00e7elik, al\u00fcminyum Son... Read more &raquo;\" \/>\n<meta property=\"og:url\" content=\"https:\/\/www.obtu.de\/tr\/ueruenler\/\" \/>\n<meta property=\"og:site_name\" content=\"obtu fluid systems gmbh\" \/>\n<meta property=\"article:modified_time\" content=\"2014-02-05T08:05:38+00:00\" \/>\n<meta property=\"og:image\" content=\"https:\/\/www.obtu.de\/wp-content\/uploads\/2013\/09\/hydr_stationaer.jpg\" \/>\n<meta name=\"twitter:label1\" content=\"Tahmini okuma s\u00fcresi\" \/>\n\t<meta name=\"twitter:data1\" content=\"2 dakika\" \/>\n<script type=\"application\/ld+json\" class=\"yoast-schema-graph\">{\"@context\":\"https:\\\/\\\/schema.org\",\"@graph\":[{\"@type\":\"WebPage\",\"@id\":\"https:\\\/\\\/www.obtu.de\\\/tr\\\/ueruenler\\\/\",\"url\":\"https:\\\/\\\/www.obtu.de\\\/tr\\\/ueruenler\\\/\",\"name\":\"\u00dcr\u00fcnler - obtu fluid systems gmbh\",\"isPartOf\":{\"@id\":\"https:\\\/\\\/www.obtu.de\\\/#website\"},\"datePublished\":\"2013-09-10T13:57:52+00:00\",\"dateModified\":\"2014-02-05T08:05:38+00:00\",\"inLanguage\":\"tr\",\"potentialAction\":[{\"@type\":\"ReadAction\",\"target\":[\"https:\\\/\\\/www.obtu.de\\\/tr\\\/ueruenler\\\/\"]}]},{\"@type\":\"WebSite\",\"@id\":\"https:\\\/\\\/www.obtu.de\\\/#website\",\"url\":\"https:\\\/\\\/www.obtu.de\\\/\",\"name\":\"obtu fluid systems gmbh\",\"description\":\"feine Hydraulik nach Ma\u00df\",\"potentialAction\":[{\"@type\":\"SearchAction\",\"target\":{\"@type\":\"EntryPoint\",\"urlTemplate\":\"https:\\\/\\\/www.obtu.de\\\/?s={search_term_string}\"},\"query-input\":{\"@type\":\"PropertyValueSpecification\",\"valueRequired\":true,\"valueName\":\"search_term_string\"}}],\"inLanguage\":\"tr\"}]}<\/script>\n<!-- \/ Yoast SEO plugin. -->","yoast_head_json":{"title":"\u00dcr\u00fcnler - obtu fluid systems gmbh","robots":{"index":"index","follow":"follow","max-snippet":"max-snippet:-1","max-image-preview":"max-image-preview:large","max-video-preview":"max-video-preview:-1"},"canonical":"https:\/\/www.obtu.de\/tr\/ueruenler\/","og_locale":"tr_TR","og_type":"article","og_title":"\u00dcr\u00fcnler - obtu fluid systems gmbh","og_description":"\u0130lk etapta talep edilen fonksiyona odakland\u0131\u011f\u0131m\u0131zdan projeye ba\u011fl\u0131 olarak \u00e7ok farkl\u0131 \u00fcr\u00fcnler ortaya \u00e7\u0131kmaktad\u0131r. Medikal teknoloji Sanayi \u00d6zel makina imalat\u0131 Medikal teknoloji Sanayi \u00d6zel makina imalat\u0131 &nbsp; Bug\u00fcne kadar ger\u00e7ekle\u015ftirilen aktorik uygulamalar\u0131 Tek y\u00f6nl\u00fc, \u00e7ift y\u00f6nl\u00fc, \u201ciki y\u00f6ne hareket eden\u201d, E\u015fit h\u0131z silindiri Kol \u00e7ap\u0131 5 -50 mm Kol malzemeleri: \u00c7elik, paslanmaz \u00e7elik, al\u00fcminyum Son... Read more &raquo;","og_url":"https:\/\/www.obtu.de\/tr\/ueruenler\/","og_site_name":"obtu fluid systems gmbh","article_modified_time":"2014-02-05T08:05:38+00:00","og_image":[{"url":"https:\/\/www.obtu.de\/wp-content\/uploads\/2013\/09\/hydr_stationaer.jpg","type":"","width":"","height":""}],"twitter_misc":{"Tahmini okuma s\u00fcresi":"2 dakika"},"schema":{"@context":"https:\/\/schema.org","@graph":[{"@type":"WebPage","@id":"https:\/\/www.obtu.de\/tr\/ueruenler\/","url":"https:\/\/www.obtu.de\/tr\/ueruenler\/","name":"\u00dcr\u00fcnler - obtu fluid systems gmbh","isPartOf":{"@id":"https:\/\/www.obtu.de\/#website"},"datePublished":"2013-09-10T13:57:52+00:00","dateModified":"2014-02-05T08:05:38+00:00","inLanguage":"tr","potentialAction":[{"@type":"ReadAction","target":["https:\/\/www.obtu.de\/tr\/ueruenler\/"]}]},{"@type":"WebSite","@id":"https:\/\/www.obtu.de\/#website","url":"https:\/\/www.obtu.de\/","name":"obtu fluid systems gmbh","description":"feine Hydraulik nach Ma\u00df","potentialAction":[{"@type":"SearchAction","target":{"@type":"EntryPoint","urlTemplate":"https:\/\/www.obtu.de\/?s={search_term_string}"},"query-input":{"@type":"PropertyValueSpecification","valueRequired":true,"valueName":"search_term_string"}}],"inLanguage":"tr"}]}},"_links":{"self":[{"href":"https:\/\/www.obtu.de\/tr\/wp-json\/wp\/v2\/pages\/218","targetHints":{"allow":["GET"]}}],"collection":[{"href":"https:\/\/www.obtu.de\/tr\/wp-json\/wp\/v2\/pages"}],"about":[{"href":"https:\/\/www.obtu.de\/tr\/wp-json\/wp\/v2\/types\/page"}],"author":[{"embeddable":true,"href":"https:\/\/www.obtu.de\/tr\/wp-json\/wp\/v2\/users\/1"}],"replies":[{"embeddable":true,"href":"https:\/\/www.obtu.de\/tr\/wp-json\/wp\/v2\/comments?post=218"}],"version-history":[{"count":9,"href":"https:\/\/www.obtu.de\/tr\/wp-json\/wp\/v2\/pages\/218\/revisions"}],"predecessor-version":[{"id":353,"href":"https:\/\/www.obtu.de\/tr\/wp-json\/wp\/v2\/pages\/218\/revisions\/353"}],"wp:attachment":[{"href":"https:\/\/www.obtu.de\/tr\/wp-json\/wp\/v2\/media?parent=218"}],"curies":[{"name":"wp","href":"https:\/\/api.w.org\/{rel}","templated":true}]}}